{"id":7668,"date":"2022-07-21T13:20:29","date_gmt":"2022-07-21T13:20:29","guid":{"rendered":"https:\/\/almiaderm.cz\/contact\/"},"modified":"2022-07-21T14:26:04","modified_gmt":"2022-07-21T14:26:04","slug":"contact","status":"publish","type":"page","link":"https:\/\/almiaderm.cz\/en\/contact\/","title":{"rendered":"Contact"},"content":{"rendered":"\n<section class=\"wp-block-uagb-columns uagb-columns__wrap uagb-columns__background-undefined uagb-columns__stack-mobile uagb-columns__valign-undefined uagb-columns__gap-10 alignundefined uagb-block-24f1989a\"><div class=\"uagb-columns__overlay\"><\/div><div class=\"uagb-columns__inner-wrap uagb-columns__columns-2\">\n<div class=\"wp-block-uagb-column uagb-column__wrap uagb-column__background-undefined uagb-block-f0e77729\"><div class=\"uagb-column__overlay\"><\/div><div class=\"uagb-column__inner-wrap\">\n<div class=\"wp-block-uagb-info-box uagb-infobox__outer-wrap uagb-block-e8ca68ac\"><div class=\"uagb-infobox__content-wrap uagb-infobox uagb-infobox-has-icon uagb-infobox-icon-above-title uagb-infobox-image-valign-top uagb-infobox-enable-border-radius \"><div class=\"uagb-ifb-left-right-wrap\"><div class=\"uagb-ifb-content\"><div class=\"uagb-ifb-title-wrap\"><h3 class=\"uagb-ifb-title\">Contact<\/h3><\/div><div class=\"uagb-ifb-separator-parent\"><div class=\"uagb-ifb-separator\"><\/div><\/div><div class=\"uagb-ifb-text-wrap\"><p class=\"uagb-ifb-desc\">Clinic of skin and aesthetic medicine Almiaderm<br\/>Poliklinika H\u016frka<br\/>Slune\u010dn\u00ed n\u00e1m. 2588\/14<br\/>Praha 13-Stod\u016flky, 158 00<br\/>e-mail: info@almiaderm.cz<br\/>tel.: +420 774 279 069<br\/>  +420 608 696 119<br\/>&#8212;&#8212;&#8212;-<br\/>I\u010cO: 06951562<br\/>DI\u010c: CZ06951562<br\/>account number Raiffeisen BANK: <br\/>509779002\/5500<\/p><\/div><\/div><\/div><\/div><\/div>\n<\/div><\/div>\n\n\n\n<div class=\"wp-block-uagb-column uagb-column__wrap uagb-column__background-undefined uagb-block-39f9af1e\"><div class=\"uagb-column__overlay\"><\/div><div class=\"uagb-column__inner-wrap\">\n<div class=\"wp-block-uagb-google-map uagb-google-map__wrap uagb-block-7bd36a50\"><iframe class=\"uagb-google-map__iframe\" title=\"Google Map for Slune\u010dn\u00ed n\u00e1m. 2588\/14\" src=\"https:\/\/www.google.com\/maps\/embed\/v1\/place?key=AIzaSyAsd_d46higiozY-zNqtr7zdA81Soswje4&amp;q=Slune%C4%8Dn%C3%AD%20n%C3%A1m.%202588\/14&amp;zoom=12&amp;language=en\" style=\"height:300px\"><\/iframe><\/div>\n<\/div><\/div>\n<\/div><\/section>\n","protected":false},"excerpt":{"rendered":"","protected":false},"author":1,"featured_media":0,"parent":0,"menu_order":0,"comment_status":"closed","ping_status":"closed","template":"","meta":{"site-sidebar-layout":"default","site-content-layout":"plain-container","ast-main-header-display":"","ast-hfb-above-header-display":"","ast-hfb-below-header-display":"","ast-hfb-mobile-header-display":"","site-post-title":"","ast-breadcrumbs-content":"","ast-featured-img":"","footer-sml-layout":"","theme-transparent-header-meta":"default","adv-header-id-meta":"","stick-header-meta":"","header-above-stick-meta":"","header-main-stick-meta":"","header-below-stick-meta":""},"featured_image_src":null,"featured_image_src_square":null,"uagb_featured_image_src":{"full":false,"thumbnail":false,"medium":false,"medium_large":false,"large":false,"1536x1536":false,"2048x2048":false,"gb-block-post-grid-landscape":false,"gb-block-post-grid-square":false},"uagb_author_info":{"display_name":"admin","author_link":"https:\/\/almiaderm.cz\/en\/author\/admin\/"},"uagb_comment_info":0,"uagb_excerpt":null,"_links":{"self":[{"href":"https:\/\/almiaderm.cz\/en\/wp-json\/wp\/v2\/pages\/7668"}],"collection":[{"href":"https:\/\/almiaderm.cz\/en\/wp-json\/wp\/v2\/pages"}],"about":[{"href":"https:\/\/almiaderm.cz\/en\/wp-json\/wp\/v2\/types\/page"}],"author":[{"embeddable":true,"href":"https:\/\/almiaderm.cz\/en\/wp-json\/wp\/v2\/users\/1"}],"replies":[{"embeddable":true,"href":"https:\/\/almiaderm.cz\/en\/wp-json\/wp\/v2\/comments?post=7668"}],"version-history":[{"count":5,"href":"https:\/\/almiaderm.cz\/en\/wp-json\/wp\/v2\/pages\/7668\/revisions"}],"predecessor-version":[{"id":7673,"href":"https:\/\/almiaderm.cz\/en\/wp-json\/wp\/v2\/pages\/7668\/revisions\/7673"}],"wp:attachment":[{"href":"https:\/\/almiaderm.cz\/en\/wp-json\/wp\/v2\/media?parent=7668"}],"curies":[{"name":"wp","href":"https:\/\/api.w.org\/{rel}","templated":true}]}}