{"id":7693,"date":"2022-07-21T14:21:21","date_gmt":"2022-07-21T14:21:21","guid":{"rendered":"https:\/\/almiaderm.cz\/mudr-lucia-mansfeldova\/"},"modified":"2022-07-21T14:26:08","modified_gmt":"2022-07-21T14:26:08","slug":"mudr-lucia-mansfeldova","status":"publish","type":"page","link":"https:\/\/almiaderm.cz\/en\/mudr-lucia-mansfeldova\/","title":{"rendered":"MUDr. Lucia Mansfeldov\u00e1"},"content":{"rendered":"\n<section class=\"wp-block-uagb-columns uagb-columns__wrap uagb-columns__background-undefined uagb-columns__stack-mobile uagb-columns__valign-undefined uagb-columns__gap-10 alignundefined uagb-block-c4763a4c\"><div class=\"uagb-columns__overlay\"><\/div><div class=\"uagb-columns__inner-wrap uagb-columns__columns-2\">\n<div class=\"wp-block-uagb-column uagb-column__wrap uagb-column__background-undefined uagb-block-977cbc7a\"><div class=\"uagb-column__overlay\"><\/div><div class=\"uagb-column__inner-wrap\">\n<div class=\"wp-block-uagb-advanced-heading uagb-block-a4789129\"><h2 class=\"uagb-heading-text\">MUDr. Lucia Mansfeldov\u00e1<\/h2><p class=\"uagb-desc-text\"><\/p><\/div>\n\n\n\n<div class=\"wp-block-uagb-advanced-heading uagb-block-3bc1c3a3\"><h4 class=\"uagb-heading-text\">Professional education<\/h4><p class=\"uagb-desc-text\"><\/p><\/div>\n\n\n\n<section class=\"wp-block-uagb-columns uagb-columns__wrap uagb-columns__background-undefined uagb-columns__stack-mobile uagb-columns__valign-undefined uagb-columns__gap-10 alignundefined uagb-block-409f0992\"><div class=\"uagb-columns__overlay\"><\/div><div class=\"uagb-columns__inner-wrap uagb-columns__columns-2\">\n<div class=\"wp-block-uagb-column uagb-column__wrap uagb-column__background-undefined uagb-block-7f14d5e5\"><div class=\"uagb-column__overlay\"><\/div><div class=\"uagb-column__inner-wrap\">\n<p class=\"has-text-align-right\">2011<\/p>\n<\/div><\/div>\n\n\n\n<div class=\"wp-block-uagb-column uagb-column__wrap uagb-column__background-undefined uagb-block-b70a562e\"><div class=\"uagb-column__overlay\"><\/div><div class=\"uagb-column__inner-wrap\">\n<p>Inclusion in pre-test training in paediatric dermatovenerology.<br\/>(supervisor prim. \u0160. \u010capkov\u00e1 FN Motol, i.e. completed practice,<br\/>before the planned post-secondary attestation)<\/p>\n<\/div><\/div>\n<\/div><\/section>\n\n\n\n<section class=\"wp-block-uagb-columns uagb-columns__wrap uagb-columns__background-undefined uagb-columns__stack-mobile uagb-columns__valign-undefined uagb-columns__gap-10 alignundefined uagb-block-8170e75c\"><div class=\"uagb-columns__overlay\"><\/div><div class=\"uagb-columns__inner-wrap uagb-columns__columns-2\">\n<div class=\"wp-block-uagb-column uagb-column__wrap uagb-column__background-undefined uagb-block-f7bb1d89\"><div class=\"uagb-column__overlay\"><\/div><div class=\"uagb-column__inner-wrap\">\n<p class=\"has-text-align-right\">2009<\/p>\n<\/div><\/div>\n\n\n\n<div class=\"wp-block-uagb-column uagb-column__wrap uagb-column__background-undefined uagb-block-fa94e572\"><div class=\"uagb-column__overlay\"><\/div><div class=\"uagb-column__inner-wrap\">\n<p>Attestation and license in the field of corrective dermatology, Prague<\/p>\n<\/div><\/div>\n<\/div><\/section>\n\n\n\n<section class=\"wp-block-uagb-columns uagb-columns__wrap uagb-columns__background-undefined uagb-columns__stack-mobile uagb-columns__valign-undefined uagb-columns__gap-10 alignundefined uagb-block-40edb0cd\"><div class=\"uagb-columns__overlay\"><\/div><div class=\"uagb-columns__inner-wrap uagb-columns__columns-2\">\n<div class=\"wp-block-uagb-column uagb-column__wrap uagb-column__background-undefined uagb-block-8955e9be\"><div class=\"uagb-column__overlay\"><\/div><div class=\"uagb-column__inner-wrap\">\n<p class=\"has-text-align-right\">2008<\/p>\n<\/div><\/div>\n\n\n\n<div class=\"wp-block-uagb-column uagb-column__wrap uagb-column__background-undefined uagb-block-80f8a1be\"><div class=\"uagb-column__overlay\"><\/div><div class=\"uagb-column__inner-wrap\">\n<p>Specialized competence and license in the field of dermatovenerology, Prague<\/p>\n<\/div><\/div>\n<\/div><\/section>\n\n\n\n<section class=\"wp-block-uagb-columns uagb-columns__wrap uagb-columns__background-undefined uagb-columns__stack-mobile uagb-columns__valign-undefined uagb-columns__gap-10 alignundefined uagb-block-c98e8044\"><div class=\"uagb-columns__overlay\"><\/div><div class=\"uagb-columns__inner-wrap uagb-columns__columns-2\">\n<div class=\"wp-block-uagb-column uagb-column__wrap uagb-column__background-undefined uagb-block-7d11e450\"><div class=\"uagb-column__overlay\"><\/div><div class=\"uagb-column__inner-wrap\">\n<p class=\"has-text-align-right\">2005<\/p>\n<\/div><\/div>\n\n\n\n<div class=\"wp-block-uagb-column uagb-column__wrap uagb-column__background-undefined uagb-block-a0e4c0b8\"><div class=\"uagb-column__overlay\"><\/div><div class=\"uagb-column__inner-wrap\">\n<p>Attestation in the field of dermatovenerology I. degree, Prague<\/p>\n<\/div><\/div>\n<\/div><\/section>\n\n\n\n<section class=\"wp-block-uagb-columns uagb-columns__wrap uagb-columns__background-undefined uagb-columns__stack-mobile uagb-columns__valign-undefined uagb-columns__gap-10 alignundefined uagb-block-07885afd\"><div class=\"uagb-columns__overlay\"><\/div><div class=\"uagb-columns__inner-wrap uagb-columns__columns-2\">\n<div class=\"wp-block-uagb-column uagb-column__wrap uagb-column__background-undefined uagb-block-3a150f1c\"><div class=\"uagb-column__overlay\"><\/div><div class=\"uagb-column__inner-wrap\">\n<p class=\"has-text-align-right\">2000 &#8211; 2001<\/p>\n<\/div><\/div>\n\n\n\n<div class=\"wp-block-uagb-column uagb-column__wrap uagb-column__background-undefined uagb-block-0cd27e6f\"><div class=\"uagb-column__overlay\"><\/div><div class=\"uagb-column__inner-wrap\">\n<p>EU Socrates Erasmus Scholarship, Universidad Granada, Dermatosurgery Course  <\/p>\n<\/div><\/div>\n<\/div><\/section>\n\n\n\n<div class=\"wp-block-uagb-icon-list uagb-icon-list__outer-wrap uagb-icon-list__layout-vertical uagb-block-ddb9d845\"><div class=\"uagb-icon-list__wrap\">\n<div class=\"wp-block-uagb-icon-list-child uagb-icon-list-repeater uagb-icon-list__wrapper uagb-block-990a9192\"><div class=\"uagb-icon-list__content-wrap\"><span class=\"uagb-icon-list__source-wrap\"><span class=\"uagb-icon-list__source-icon\"><svg xmlns=\"http:\/\/www.w3.org\/2000\/svg\" viewbox=\"0 0 512 512\"><path d=\"M256 8c137 0 248 111 248 248S393 504 256 504 8 393 8 256 119 8 256 8zm-28.9 143.6l75.5 72.4H120c-13.3 0-24 10.7-24 24v16c0 13.3 10.7 24 24 24h182.6l-75.5 72.4c-9.7 9.3-9.9 24.8-.4 34.3l11 10.9c9.4 9.4 24.6 9.4 33.9 0L404.3 273c9.4-9.4 9.4-24.6 0-33.9L271.6 106.3c-9.4-9.4-24.6-9.4-33.9 0l-11 10.9c-9.5 9.6-9.3 25.1.4 34.4z\"><\/path><\/svg><\/span><\/span><div class=\"uagb-icon-list__label-wrap\"><span class=\"uagb-icon-list__label\">#Label<\/span><\/div><\/div><\/div>\n<\/div><\/div>\n\n\n\n<div class=\"wp-block-uagb-advanced-heading uagb-block-3cd52f00\"><h4 class=\"uagb-heading-text\">Employment<\/h4><p class=\"uagb-desc-text\"><\/p><\/div>\n\n\n\n<section class=\"wp-block-uagb-columns uagb-columns__wrap uagb-columns__background-undefined uagb-columns__stack-mobile uagb-columns__valign-undefined uagb-columns__gap-10 alignundefined uagb-block-81745718\"><div class=\"uagb-columns__overlay\"><\/div><div class=\"uagb-columns__inner-wrap uagb-columns__columns-2\">\n<div class=\"wp-block-uagb-column uagb-column__wrap uagb-column__background-undefined uagb-block-8a710309\"><div class=\"uagb-column__overlay\"><\/div><div class=\"uagb-column__inner-wrap\">\n<p class=\"has-text-align-left\">2010 &#8211; so far<\/p>\n<\/div><\/div>\n\n\n\n<div class=\"wp-block-uagb-column uagb-column__wrap uagb-column__background-undefined uagb-block-7b0cbbd8\"><div class=\"uagb-column__overlay\"><\/div><div class=\"uagb-column__inner-wrap\">\n<p>Dermatovenerology department of the clinic Program H Plus s.r.o. &#8211; position of the leading doctor of dermatovenerology for children and adults, corrective dermatologist<br\/>(www.programhplus.cz)<\/p>\n<\/div><\/div>\n<\/div><\/section>\n\n\n\n<section class=\"wp-block-uagb-columns uagb-columns__wrap uagb-columns__background-undefined uagb-columns__stack-mobile uagb-columns__valign-undefined uagb-columns__gap-10 alignundefined uagb-block-e9309a89\"><div class=\"uagb-columns__overlay\"><\/div><div class=\"uagb-columns__inner-wrap uagb-columns__columns-2\">\n<div class=\"wp-block-uagb-column uagb-column__wrap uagb-column__background-undefined uagb-block-1f4cf96c\"><div class=\"uagb-column__overlay\"><\/div><div class=\"uagb-column__inner-wrap\">\n<p class=\"has-text-align-left\">2017 &#8211; so far<\/p>\n<\/div><\/div>\n\n\n\n<div class=\"wp-block-uagb-column uagb-column__wrap uagb-column__background-undefined uagb-block-83ebd413\"><div class=\"uagb-column__overlay\"><\/div><div class=\"uagb-column__inner-wrap\">\n<p>Perfect Clinic Dermatology &#8211; aesthetic dermatologist and dermatovenerologist for children and adults (www.perfectclinic.cz)<\/p>\n<\/div><\/div>\n<\/div><\/section>\n\n\n\n<section class=\"wp-block-uagb-columns uagb-columns__wrap uagb-columns__background-undefined uagb-columns__stack-mobile uagb-columns__valign-undefined uagb-columns__gap-10 alignundefined uagb-block-17281578\"><div class=\"uagb-columns__overlay\"><\/div><div class=\"uagb-columns__inner-wrap uagb-columns__columns-2\">\n<div class=\"wp-block-uagb-column uagb-column__wrap uagb-column__background-undefined uagb-block-1d0cef78\"><div class=\"uagb-column__overlay\"><\/div><div class=\"uagb-column__inner-wrap\">\n<p>2018 &#8211; so far<\/p>\n<\/div><\/div>\n\n\n\n<div class=\"wp-block-uagb-column uagb-column__wrap uagb-column__background-undefined uagb-block-3b2752e4\"><div class=\"uagb-column__overlay\"><\/div><div class=\"uagb-column__inner-wrap\">\n<p>Almiaderm s.r.o. &#8211; founder and owner of the institute for anti-aging medicine, dermatovenerology and psychodermatology for children and adults<\/p>\n<\/div><\/div>\n<\/div><\/section>\n\n\n\n<div class=\"wp-block-uagb-advanced-heading uagb-block-3d6f197a\"><h4 class=\"uagb-heading-text\">Membership of professional societies<\/h4><p class=\"uagb-desc-text\"><\/p><\/div>\n\n\n\n<ul><li>Membership in the Dermatovenerological Society of the Czech Academy of Dermatology<\/li><li>Society of Corrective Dermatology and Cosmetology \u010cLS JEP<\/li><li>Society of Young Dermatovenerologists \u010cLS JEP<\/li><\/ul>\n\n\n<div class=\"wp-block-uagb-advanced-heading uagb-block-d4b1d8e8\"><h4 class=\"uagb-heading-text\">Language skills<\/h4><p class=\"uagb-desc-text\"><\/p><\/div>\n\n\n\n<ul><li>English Language (FCE)<\/li><li>Spanish language &#8211; active<\/li><li>German, French and Russian &#8211; intermediate knowledge<br\/><\/li><\/ul>\n\n\n<div class=\"wp-block-uagb-advanced-heading uagb-block-96762dc2\"><h4 class=\"uagb-heading-text\">Interests<\/h4><p class=\"uagb-desc-text\"><\/p><\/div>\n\n\n\n<ul><li>Foundation projects &#8220;Paths without Borders&#8221; and &#8220;Art Heals&#8221;<\/li><li>flamenco, literature, film and theatre<\/li><\/ul><\/div><\/div>\n\n\n\n<div class=\"wp-block-uagb-column uagb-column__wrap uagb-column__background-undefined uagb-block-a24b3c62\"><div class=\"uagb-column__overlay\"><\/div><div class=\"uagb-column__inner-wrap\">\n<div class=\"wp-block-image\"><figure class=\"aligncenter size-large\"><img loading=\"lazy\" width=\"392\" height=\"586\" src=\"https:\/\/almiaderm.cz\/wp-content\/uploads\/2020\/10\/unnamed-22x-1.jpg\" alt=\"\" class=\"wp-image-7582\" srcset=\"https:\/\/almiaderm.cz\/wp-content\/uploads\/2020\/10\/unnamed-22x-1.jpg 392w, https:\/\/almiaderm.cz\/wp-content\/uploads\/2020\/10\/unnamed-22x-1-201x300.jpg 201w\" sizes=\"(max-width: 392px) 100vw, 392px\" \/><\/figure><\/div>\n\n\n\n<div class=\"wp-block-uagb-advanced-heading uagb-block-87572b01\"><h6 class=\"uagb-heading-text\">MUDr. Lucia Mansfeldov\u00e1<\/h6><p class=\"uagb-desc-text\"><\/p><\/div>\n<\/div><\/div>\n<\/div><\/section>\n\n<p><\/p>\n","protected":false},"excerpt":{"rendered":"","protected":false},"author":1,"featured_media":0,"parent":0,"menu_order":0,"comment_status":"closed","ping_status":"closed","template":"","meta":{"site-sidebar-layout":"default","site-content-layout":"default","ast-main-header-display":"","ast-hfb-above-header-display":"","ast-hfb-below-header-display":"","ast-hfb-mobile-header-display":"","site-post-title":"","ast-breadcrumbs-content":"","ast-featured-img":"","footer-sml-layout":"","theme-transparent-header-meta":"default","adv-header-id-meta":"","stick-header-meta":"","header-above-stick-meta":"","header-main-stick-meta":"","header-below-stick-meta":""},"featured_image_src":null,"featured_image_src_square":null,"uagb_featured_image_src":{"full":false,"thumbnail":false,"medium":false,"medium_large":false,"large":false,"1536x1536":false,"2048x2048":false,"gb-block-post-grid-landscape":false,"gb-block-post-grid-square":false},"uagb_author_info":{"display_name":"admin","author_link":"https:\/\/almiaderm.cz\/en\/author\/admin\/"},"uagb_comment_info":0,"uagb_excerpt":null,"_links":{"self":[{"href":"https:\/\/almiaderm.cz\/en\/wp-json\/wp\/v2\/pages\/7693"}],"collection":[{"href":"https:\/\/almiaderm.cz\/en\/wp-json\/wp\/v2\/pages"}],"about":[{"href":"https:\/\/almiaderm.cz\/en\/wp-json\/wp\/v2\/types\/page"}],"author":[{"embeddable":true,"href":"https:\/\/almiaderm.cz\/en\/wp-json\/wp\/v2\/users\/1"}],"replies":[{"embeddable":true,"href":"https:\/\/almiaderm.cz\/en\/wp-json\/wp\/v2\/comments?post=7693"}],"version-history":[{"count":3,"href":"https:\/\/almiaderm.cz\/en\/wp-json\/wp\/v2\/pages\/7693\/revisions"}],"predecessor-version":[{"id":7727,"href":"https:\/\/almiaderm.cz\/en\/wp-json\/wp\/v2\/pages\/7693\/revisions\/7727"}],"wp:attachment":[{"href":"https:\/\/almiaderm.cz\/en\/wp-json\/wp\/v2\/media?parent=7693"}],"curies":[{"name":"wp","href":"https:\/\/api.w.org\/{rel}","templated":true}]}}