{"id":7697,"date":"2022-07-21T14:21:22","date_gmt":"2022-07-21T14:21:22","guid":{"rendered":"https:\/\/almiaderm.cz\/mudr-marie-raskova\/"},"modified":"2022-07-21T14:21:23","modified_gmt":"2022-07-21T14:21:23","slug":"mudr-marie-raskova","status":"publish","type":"page","link":"https:\/\/almiaderm.cz\/en\/mudr-marie-raskova\/","title":{"rendered":"MUDr. Marie Ra\u0161kov\u00e1"},"content":{"rendered":"\n<section class=\"wp-block-uagb-columns uagb-columns__wrap uagb-columns__background-undefined uagb-columns__stack-mobile uagb-columns__valign-undefined uagb-columns__gap-10 alignundefined uagb-block-44fd5610\"><div class=\"uagb-columns__overlay\"><\/div><div class=\"uagb-columns__inner-wrap uagb-columns__columns-2\">\n<div class=\"wp-block-uagb-column uagb-column__wrap uagb-column__background-undefined uagb-block-32bb8790\"><div class=\"uagb-column__overlay\"><\/div><div class=\"uagb-column__inner-wrap\">\n<div class=\"wp-block-uagb-advanced-heading uagb-block-7c126dfa\"><h2 class=\"uagb-heading-text\">MUDr. Marie Ra\u0161kov\u00e1<\/h2><p class=\"uagb-desc-text\"><\/p><\/div>\n\n\n\n<div class=\"wp-block-uagb-advanced-heading uagb-block-d1727ae5\"><h4 class=\"uagb-heading-text\">Professional education<\/h4><p class=\"uagb-desc-text\"><\/p><\/div>\n\n\n\n<section class=\"wp-block-uagb-columns uagb-columns__wrap uagb-columns__background-undefined uagb-columns__stack-mobile uagb-columns__valign-undefined uagb-columns__gap-10 alignundefined uagb-block-3b964daa\"><div class=\"uagb-columns__overlay\"><\/div><div class=\"uagb-columns__inner-wrap uagb-columns__columns-2\">\n<div class=\"wp-block-uagb-column uagb-column__wrap uagb-column__background-undefined uagb-block-c816251d\"><div class=\"uagb-column__overlay\"><\/div><div class=\"uagb-column__inner-wrap\">\n<p class=\"has-text-align-left\">2009<\/p>\n<\/div><\/div>\n\n\n\n<div class=\"wp-block-uagb-column uagb-column__wrap uagb-column__background-undefined uagb-block-cb64c2f6\"><div class=\"uagb-column__overlay\"><\/div><div class=\"uagb-column__inner-wrap\">\n<p>Specialised competence in otorhinolaryngology<\/p>\n<\/div><\/div>\n<\/div><\/section>\n\n\n\n<section class=\"wp-block-uagb-columns uagb-columns__wrap uagb-columns__background-undefined uagb-columns__stack-mobile uagb-columns__valign-undefined uagb-columns__gap-10 alignundefined uagb-block-d7bdf122\"><div class=\"uagb-columns__overlay\"><\/div><div class=\"uagb-columns__inner-wrap uagb-columns__columns-2\">\n<div class=\"wp-block-uagb-column uagb-column__wrap uagb-column__background-undefined uagb-block-439bfd1d\"><div class=\"uagb-column__overlay\"><\/div><div class=\"uagb-column__inner-wrap\">\n<p class=\"has-text-align-left\">1997<\/p>\n<\/div><\/div>\n\n\n\n<div class=\"wp-block-uagb-column uagb-column__wrap uagb-column__background-undefined uagb-block-cde1bb4e\"><div class=\"uagb-column__overlay\"><\/div><div class=\"uagb-column__inner-wrap\">\n<p>Attestation in otorhinolaryngology<\/p>\n<\/div><\/div>\n<\/div><\/section>\n\n\n\n<section class=\"wp-block-uagb-columns uagb-columns__wrap uagb-columns__background-undefined uagb-columns__stack-mobile uagb-columns__valign-undefined uagb-columns__gap-10 alignundefined uagb-block-e199e530\"><div class=\"uagb-columns__overlay\"><\/div><div class=\"uagb-columns__inner-wrap uagb-columns__columns-2\">\n<div class=\"wp-block-uagb-column uagb-column__wrap uagb-column__background-undefined uagb-block-c051ec4c\"><div class=\"uagb-column__overlay\"><\/div><div class=\"uagb-column__inner-wrap\">\n<p class=\"has-text-align-left\">1988 &#8211; 1994<\/p>\n<\/div><\/div>\n\n\n\n<div class=\"wp-block-uagb-column uagb-column__wrap uagb-column__background-undefined uagb-block-59c73340\"><div class=\"uagb-column__overlay\"><\/div><div class=\"uagb-column__inner-wrap\">\n<p>Faculty of Medicine, Charles University in Prague, General and Preventive Medicine<\/p>\n<\/div><\/div>\n<\/div><\/section>\n\n\n\n<div class=\"wp-block-uagb-advanced-heading uagb-block-286e5724\"><h4 class=\"uagb-heading-text\">Employment<\/h4><p class=\"uagb-desc-text\"><\/p><\/div>\n\n\n\n<section class=\"wp-block-uagb-columns uagb-columns__wrap uagb-columns__background-undefined uagb-columns__stack-mobile uagb-columns__valign-undefined uagb-columns__gap-10 alignundefined uagb-block-ba571161\"><div class=\"uagb-columns__overlay\"><\/div><div class=\"uagb-columns__inner-wrap uagb-columns__columns-2\">\n<div class=\"wp-block-uagb-column uagb-column__wrap uagb-column__background-undefined uagb-block-9d6e45c5\"><div class=\"uagb-column__overlay\"><\/div><div class=\"uagb-column__inner-wrap\">\n<p>2010 &#8211; so far<\/p>\n<\/div><\/div>\n\n\n\n<div class=\"wp-block-uagb-column uagb-column__wrap uagb-column__background-undefined uagb-block-30743c17\"><div class=\"uagb-column__overlay\"><\/div><div class=\"uagb-column__inner-wrap\">\n<p>H Plus programme<\/p>\n<\/div><\/div>\n<\/div><\/section>\n\n\n\n<section class=\"wp-block-uagb-columns uagb-columns__wrap uagb-columns__background-undefined uagb-columns__stack-mobile uagb-columns__valign-undefined uagb-columns__gap-10 alignundefined uagb-block-b523fe4b\"><div class=\"uagb-columns__overlay\"><\/div><div class=\"uagb-columns__inner-wrap uagb-columns__columns-2\">\n<div class=\"wp-block-uagb-column uagb-column__wrap uagb-column__background-undefined uagb-block-43a43516\"><div class=\"uagb-column__overlay\"><\/div><div class=\"uagb-column__inner-wrap\">\n<p>2009 &#8211; 2010<\/p>\n<\/div><\/div>\n\n\n\n<div class=\"wp-block-uagb-column uagb-column__wrap uagb-column__background-undefined uagb-block-c43f3329\"><div class=\"uagb-column__overlay\"><\/div><div class=\"uagb-column__inner-wrap\">\n<p>Cochlear Implant Centre for Children, Motol University Hospital, Prague<\/p>\n<\/div><\/div>\n<\/div><\/section>\n\n\n\n<section class=\"wp-block-uagb-columns uagb-columns__wrap uagb-columns__background-undefined uagb-columns__stack-mobile uagb-columns__valign-undefined uagb-columns__gap-10 alignundefined uagb-block-8106fb8e\"><div class=\"uagb-columns__overlay\"><\/div><div class=\"uagb-columns__inner-wrap uagb-columns__columns-2\">\n<div class=\"wp-block-uagb-column uagb-column__wrap uagb-column__background-undefined uagb-block-0dff7227\"><div class=\"uagb-column__overlay\"><\/div><div class=\"uagb-column__inner-wrap\">\n<p>1995 &#8211; 2009<\/p>\n<\/div><\/div>\n\n\n\n<div class=\"wp-block-uagb-column uagb-column__wrap uagb-column__background-undefined uagb-block-ed537211\"><div class=\"uagb-column__overlay\"><\/div><div class=\"uagb-column__inner-wrap\">\n<p>ENT, Central Military Hospital Prague<\/p>\n<\/div><\/div>\n<\/div><\/section>\n\n\n\n<section class=\"wp-block-uagb-columns uagb-columns__wrap uagb-columns__background-undefined uagb-columns__stack-mobile uagb-columns__valign-undefined uagb-columns__gap-10 alignundefined uagb-block-18cfbbb3\"><div class=\"uagb-columns__overlay\"><\/div><div class=\"uagb-columns__inner-wrap uagb-columns__columns-2\">\n<div class=\"wp-block-uagb-column uagb-column__wrap uagb-column__background-undefined uagb-block-a0423993\"><div class=\"uagb-column__overlay\"><\/div><div class=\"uagb-column__inner-wrap\">\n<p>1994 &#8211; 1995<\/p>\n<\/div><\/div>\n\n\n\n<div class=\"wp-block-uagb-column uagb-column__wrap uagb-column__background-undefined uagb-block-ba7a15f6\"><div class=\"uagb-column__overlay\"><\/div><div class=\"uagb-column__inner-wrap\">\n<p>ENT, Institute of Aviation Medicine Prague<\/p>\n<\/div><\/div>\n<\/div><\/section>\n\n\n\n<div class=\"wp-block-uagb-advanced-heading uagb-block-6e255e1b\"><h4 class=\"uagb-heading-text\">Membership of professional societies<\/h4><p class=\"uagb-desc-text\"><\/p><\/div>\n\n\n\n<ul><li>Czech Medical Chamber<\/li><li>Czech Medical Society JEP<\/li><li>Czech Society of Otorhinolaryngology and Head and Neck Surgery<\/li><\/ul>\n\n\n<div class=\"wp-block-uagb-advanced-heading uagb-block-ec17dee3\"><h4 class=\"uagb-heading-text\">Other professional activities<\/h4><p class=\"uagb-desc-text\">Regular participation in professional congresses and lectures of the ENT Society<\/p><\/div>\n\n\n\n<div class=\"wp-block-uagb-advanced-heading uagb-block-f43d9fe4\"><h4 class=\"uagb-heading-text\">Co-author of lectures:<\/h4><p class=\"uagb-desc-text\">Experience with block cervical directives &#8211; MUDr. Vold\u0159ich, MUDr. Mikolaj, MUDr. Ra\u0161kov\u00e1 Results of ca tonsil treatment &#8211; MUDr. Vold\u0159ich, MUDr. Sv\u00e1rovsk\u00fd, MUDr. Ra\u0161kov\u00e1<br\/>2009 &#8211; Phoniatric internship at Medical Healthcom Prague<br\/>2002 &#8211; Salivary gland surgery Olomouc<br\/>2000 &#8211; Middle Ear Surgery Course Olomouc<br\/>1997 &#8211; Endoscopic course at the Institute of Endoscopy<\/p><\/div>\n\n\n\n<div class=\"wp-block-uagb-advanced-heading uagb-block-b1f6ca66\"><h4 class=\"uagb-heading-text\">Language skills<\/h4><p class=\"uagb-desc-text\">English<\/p><\/div>\n\n\n\n<div class=\"wp-block-uagb-advanced-heading uagb-block-1a517975\"><h4 class=\"uagb-heading-text\">Interests<\/h4><p class=\"uagb-desc-text\">literature, sports, travel<\/p><\/div>\n<\/div><\/div>\n\n\n\n<div class=\"wp-block-uagb-column uagb-column__wrap uagb-column__background-undefined uagb-block-0e783efe\"><div class=\"uagb-column__overlay\"><\/div><div class=\"uagb-column__inner-wrap\">\n<figure class=\"wp-block-image size-large\"><img loading=\"lazy\" width=\"684\" height=\"1024\" src=\"https:\/\/almiaderm.cz\/wp-content\/uploads\/2021\/09\/IMG_0779-684x1024.jpg\" alt=\"\" class=\"wp-image-7615\"\/><\/figure>\n\n\n<div class=\"wp-block-uagb-advanced-heading uagb-block-cd27fc73\"><h6 class=\"uagb-heading-text\">MUDr. Marie Ra\u0161kov\u00e1<\/h6><p class=\"uagb-desc-text\"><\/p><\/div>\n<\/div><\/div>\n<\/div><\/section>\n","protected":false},"excerpt":{"rendered":"","protected":false},"author":1,"featured_media":0,"parent":0,"menu_order":0,"comment_status":"closed","ping_status":"closed","template":"","meta":{"site-sidebar-layout":"default","site-content-layout":"default","ast-main-header-display":"","ast-hfb-above-header-display":"","ast-hfb-below-header-display":"","ast-hfb-mobile-header-display":"","site-post-title":"","ast-breadcrumbs-content":"","ast-featured-img":"","footer-sml-layout":"","theme-transparent-header-meta":"default","adv-header-id-meta":"","stick-header-meta":"","header-above-stick-meta":"","header-main-stick-meta":"","header-below-stick-meta":""},"featured_image_src":null,"featured_image_src_square":null,"uagb_featured_image_src":{"full":false,"thumbnail":false,"medium":false,"medium_large":false,"large":false,"1536x1536":false,"2048x2048":false,"gb-block-post-grid-landscape":false,"gb-block-post-grid-square":false},"uagb_author_info":{"display_name":"admin","author_link":"https:\/\/almiaderm.cz\/en\/author\/admin\/"},"uagb_comment_info":0,"uagb_excerpt":null,"_links":{"self":[{"href":"https:\/\/almiaderm.cz\/en\/wp-json\/wp\/v2\/pages\/7697"}],"collection":[{"href":"https:\/\/almiaderm.cz\/en\/wp-json\/wp\/v2\/pages"}],"about":[{"href":"https:\/\/almiaderm.cz\/en\/wp-json\/wp\/v2\/types\/page"}],"author":[{"embeddable":true,"href":"https:\/\/almiaderm.cz\/en\/wp-json\/wp\/v2\/users\/1"}],"replies":[{"embeddable":true,"href":"https:\/\/almiaderm.cz\/en\/wp-json\/wp\/v2\/comments?post=7697"}],"version-history":[{"count":1,"href":"https:\/\/almiaderm.cz\/en\/wp-json\/wp\/v2\/pages\/7697\/revisions"}],"predecessor-version":[{"id":7702,"href":"https:\/\/almiaderm.cz\/en\/wp-json\/wp\/v2\/pages\/7697\/revisions\/7702"}],"wp:attachment":[{"href":"https:\/\/almiaderm.cz\/en\/wp-json\/wp\/v2\/media?parent=7697"}],"curies":[{"name":"wp","href":"https:\/\/api.w.org\/{rel}","templated":true}]}}