{"id":7698,"date":"2022-07-21T14:21:22","date_gmt":"2022-07-21T14:21:22","guid":{"rendered":"https:\/\/almiaderm.cz\/mudr-dana-prusikova\/"},"modified":"2022-07-21T14:26:08","modified_gmt":"2022-07-21T14:26:08","slug":"mudr-dana-prusikova","status":"publish","type":"page","link":"https:\/\/almiaderm.cz\/en\/mudr-dana-prusikova\/","title":{"rendered":"MUDr. Dana Prus\u00edkov\u00e1"},"content":{"rendered":"\n<section class=\"wp-block-uagb-columns uagb-columns__wrap uagb-columns__background-undefined uagb-columns__stack-mobile uagb-columns__valign-undefined uagb-columns__gap-10 alignundefined uagb-block-d56b29c8\"><div class=\"uagb-columns__overlay\"><\/div><div class=\"uagb-columns__inner-wrap uagb-columns__columns-2\">\n<div class=\"wp-block-uagb-column uagb-column__wrap uagb-column__background-undefined uagb-block-4ae47d22\"><div class=\"uagb-column__overlay\"><\/div><div class=\"uagb-column__inner-wrap\">\n<div class=\"wp-block-uagb-advanced-heading uagb-block-83b8ebca\"><h2 class=\"uagb-heading-text\">MUDr. Dana Prus\u00edkov\u00e1<\/h2><p class=\"uagb-desc-text\"><\/p><\/div>\n\n\n\n<div class=\"wp-block-uagb-advanced-heading uagb-block-fdb44717\"><h4 class=\"uagb-heading-text\">Professional education<\/h4><p class=\"uagb-desc-text\"><\/p><\/div>\n\n\n\n<section class=\"wp-block-uagb-columns uagb-columns__wrap uagb-columns__background-undefined uagb-columns__stack-mobile uagb-columns__valign-undefined uagb-columns__gap-10 alignundefined uagb-block-e6a0d7f4\"><div class=\"uagb-columns__overlay\"><\/div><div class=\"uagb-columns__inner-wrap uagb-columns__columns-2\">\n<div class=\"wp-block-uagb-column uagb-column__wrap uagb-column__background-undefined uagb-block-4aff7e74\"><div class=\"uagb-column__overlay\"><\/div><div class=\"uagb-column__inner-wrap\">\n<p class=\"has-text-align-left\">2011<\/p>\n<\/div><\/div>\n\n\n\n<div class=\"wp-block-uagb-column uagb-column__wrap uagb-column__background-undefined uagb-block-b91cf415\"><div class=\"uagb-column__overlay\"><\/div><div class=\"uagb-column__inner-wrap\">\n<p>Specialization attestation in dermatovenerology, Prague<\/p>\n<\/div><\/div>\n<\/div><\/section>\n\n\n\n<section class=\"wp-block-uagb-columns uagb-columns__wrap uagb-columns__background-undefined uagb-columns__stack-mobile uagb-columns__valign-undefined uagb-columns__gap-10 alignundefined uagb-block-9209e26c\"><div class=\"uagb-columns__overlay\"><\/div><div class=\"uagb-columns__inner-wrap uagb-columns__columns-2\">\n<div class=\"wp-block-uagb-column uagb-column__wrap uagb-column__background-undefined uagb-block-ae9cb6ff\"><div class=\"uagb-column__overlay\"><\/div><div class=\"uagb-column__inner-wrap\">\n<p class=\"has-text-align-left\">2004<\/p>\n<\/div><\/div>\n\n\n\n<div class=\"wp-block-uagb-column uagb-column__wrap uagb-column__background-undefined uagb-block-e1b1f751\"><div class=\"uagb-column__overlay\"><\/div><div class=\"uagb-column__inner-wrap\">\n<p>Attestation in dermatovenerology I. degree,<br\/>Prague<\/p>\n<\/div><\/div>\n<\/div><\/section>\n\n\n\n<section class=\"wp-block-uagb-columns uagb-columns__wrap uagb-columns__background-undefined uagb-columns__stack-mobile uagb-columns__valign-undefined uagb-columns__gap-10 alignundefined uagb-block-c96d6618\"><div class=\"uagb-columns__overlay\"><\/div><div class=\"uagb-columns__inner-wrap uagb-columns__columns-2\">\n<div class=\"wp-block-uagb-column uagb-column__wrap uagb-column__background-undefined uagb-block-c10a8141\"><div class=\"uagb-column__overlay\"><\/div><div class=\"uagb-column__inner-wrap\">\n<p class=\"has-text-align-left\">1994 &#8211; 2001<\/p>\n<\/div><\/div>\n\n\n\n<div class=\"wp-block-uagb-column uagb-column__wrap uagb-column__background-undefined uagb-block-bb426f60\"><div class=\"uagb-column__overlay\"><\/div><div class=\"uagb-column__inner-wrap\">\n<p>Faculty of Medicine, Charles University, Prague<\/p>\n<\/div><\/div>\n<\/div><\/section>\n\n\n\n<div class=\"wp-block-uagb-advanced-heading uagb-block-9f0d76dd\"><h4 class=\"uagb-heading-text\">Employment<\/h4><p class=\"uagb-desc-text\"><\/p><\/div>\n\n\n\n<section class=\"wp-block-uagb-columns uagb-columns__wrap uagb-columns__background-undefined uagb-columns__stack-mobile uagb-columns__valign-undefined uagb-columns__gap-10 alignundefined uagb-block-58ec2902\"><div class=\"uagb-columns__overlay\"><\/div><div class=\"uagb-columns__inner-wrap uagb-columns__columns-2\">\n<div class=\"wp-block-uagb-column uagb-column__wrap uagb-column__background-undefined uagb-block-00e9d26f\"><div class=\"uagb-column__overlay\"><\/div><div class=\"uagb-column__inner-wrap\">\n<p>2010 &#8211; so far<\/p>\n<\/div><\/div>\n\n\n\n<div class=\"wp-block-uagb-column uagb-column__wrap uagb-column__background-undefined uagb-block-48f1ca1b\"><div class=\"uagb-column__overlay\"><\/div><div class=\"uagb-column__inner-wrap\">\n<p>Dermatovenerology clinic Program H Plus s.r.o.<\/p>\n<\/div><\/div>\n<\/div><\/section>\n\n\n\n<section class=\"wp-block-uagb-columns uagb-columns__wrap uagb-columns__background-undefined uagb-columns__stack-mobile uagb-columns__valign-undefined uagb-columns__gap-10 alignundefined uagb-block-40a457ba\"><div class=\"uagb-columns__overlay\"><\/div><div class=\"uagb-columns__inner-wrap uagb-columns__columns-2\">\n<div class=\"wp-block-uagb-column uagb-column__wrap uagb-column__background-undefined uagb-block-810c32d4\"><div class=\"uagb-column__overlay\"><\/div><div class=\"uagb-column__inner-wrap\">\n<p>2014- so far<\/p>\n<\/div><\/div>\n\n\n\n<div class=\"wp-block-uagb-column uagb-column__wrap uagb-column__background-undefined uagb-block-2ead285a\"><div class=\"uagb-column__overlay\"><\/div><div class=\"uagb-column__inner-wrap\">\n<p>Dermatovenerology Clinic of the FNKV and 3. LF UK,<br\/>Prague<\/p>\n<\/div><\/div>\n<\/div><\/section>\n\n\n\n<section class=\"wp-block-uagb-columns uagb-columns__wrap uagb-columns__background-undefined uagb-columns__stack-mobile uagb-columns__valign-undefined uagb-columns__gap-10 alignundefined uagb-block-6b95b14d\"><div class=\"uagb-columns__overlay\"><\/div><div class=\"uagb-columns__inner-wrap uagb-columns__columns-2\">\n<div class=\"wp-block-uagb-column uagb-column__wrap uagb-column__background-undefined uagb-block-3b7f157b\"><div class=\"uagb-column__overlay\"><\/div><div class=\"uagb-column__inner-wrap\">\n<p>2005 &#8211; 2008<\/p>\n<\/div><\/div>\n\n\n\n<div class=\"wp-block-uagb-column uagb-column__wrap uagb-column__background-undefined uagb-block-602bd79c\"><div class=\"uagb-column__overlay\"><\/div><div class=\"uagb-column__inner-wrap\">\n<p>Dermacentrum Prague, Dr. Pavlicek<\/p>\n<\/div><\/div>\n<\/div><\/section>\n\n\n\n<section class=\"wp-block-uagb-columns uagb-columns__wrap uagb-columns__background-undefined uagb-columns__stack-mobile uagb-columns__valign-undefined uagb-columns__gap-10 alignundefined uagb-block-1c1d6ad2\"><div class=\"uagb-columns__overlay\"><\/div><div class=\"uagb-columns__inner-wrap uagb-columns__columns-2\">\n<div class=\"wp-block-uagb-column uagb-column__wrap uagb-column__background-undefined uagb-block-d4d7c499\"><div class=\"uagb-column__overlay\"><\/div><div class=\"uagb-column__inner-wrap\">\n<p>2008 &#8211; 2010<\/p>\n<\/div><\/div>\n\n\n\n<div class=\"wp-block-uagb-column uagb-column__wrap uagb-column__background-undefined uagb-block-6b2cda6f\"><div class=\"uagb-column__overlay\"><\/div><div class=\"uagb-column__inner-wrap\">\n<p>Craigavon Area Hospital, Northern Ireland<\/p>\n<\/div><\/div>\n<\/div><\/section>\n\n\n\n<section class=\"wp-block-uagb-columns uagb-columns__wrap uagb-columns__background-undefined uagb-columns__stack-mobile uagb-columns__valign-undefined uagb-columns__gap-10 alignundefined uagb-block-23cbf83f\"><div class=\"uagb-columns__overlay\"><\/div><div class=\"uagb-columns__inner-wrap uagb-columns__columns-2\">\n<div class=\"wp-block-uagb-column uagb-column__wrap uagb-column__background-undefined uagb-block-b74fdafa\"><div class=\"uagb-column__overlay\"><\/div><div class=\"uagb-column__inner-wrap\">\n<p>2001 &#8211; 2004<\/p>\n<\/div><\/div>\n\n\n\n<div class=\"wp-block-uagb-column uagb-column__wrap uagb-column__background-undefined uagb-block-c60dfccf\"><div class=\"uagb-column__overlay\"><\/div><div class=\"uagb-column__inner-wrap\">\n<p>Department of Dermatovenerology, Motol University Hospital, Prague<\/p>\n<\/div><\/div>\n<\/div><\/section>\n\n\n\n<div class=\"wp-block-uagb-advanced-heading uagb-block-dc44628c\"><h4 class=\"uagb-heading-text\">Membership of professional societies<\/h4><p class=\"uagb-desc-text\"><\/p><\/div>\n\n\n\n<ul><li>Czechoslovak Dermatovenerological Society<\/li><li>EADV<\/li><\/ul>\n\n\n<div class=\"wp-block-uagb-advanced-heading uagb-block-f72d90fa\"><h4 class=\"uagb-heading-text\">Publication activity<\/h4><p class=\"uagb-desc-text\"><\/p><\/div>\n\n\n\n<ul><li>Prus\u00edkov\u00e1 D, Apremilast in dermatology, Dermatolog. Practice , 2018, 12 (2): 87-91<\/li><li>Prus\u00edkov\u00e1 D, Apremilast in dermatology, Prakt. Pharmacies. 2018, 14 (3): 104-108<\/li><li>Prus\u00edkov\u00e1 D, Chronic spontaneous urticaria treated with bilastin, Dermatolog. Practice 2017, 11(2):79-82<\/li><li>Prus\u00edkov\u00e1 D, Chronic urticaria &#8211; new views on diagnosis and treatment of the disease, \u010cas.L\u00e9k.\u010des.2017, 156:123-126<\/li><li>Prus\u00edkov\u00e1 D, Chronic urticaria, Refer\u00e1tov\u00fd v\u00fdb\u011br z dermatologie, 2017, 59 (6): p. 18-28<\/li><li>Prus\u00edkov\u00e1 D, Skin cancer as a serious contemporary problem, Zdravot. Noviny, 2016, 65 (1), p. 3<\/li><li>Faberova R, Arenberger P, \u010capkov\u00e1 \u0160, Pol\u00e1\u0161kov\u00e1 S, \u0160t\u011brba J, Vokurkov\u00e1 J, Prus\u00edkov\u00e1 D, Bu\u010dkov\u00e1 H,Infantile hemangiomas from the dermatologist&#8217;s perspective, Czech-Slovak Dermatology, 2017, 92(5):p.<\/li><\/ul><\/div><\/div>\n\n\n\n<div class=\"wp-block-uagb-column uagb-column__wrap uagb-column__background-undefined uagb-block-70fd230c\"><div class=\"uagb-column__overlay\"><\/div><div class=\"uagb-column__inner-wrap\">\n<figure class=\"wp-block-image size-large\"><img loading=\"lazy\" width=\"689\" height=\"689\" src=\"https:\/\/almiaderm.cz\/wp-content\/uploads\/2020\/11\/img_0652-e1604942625697.jpg\" alt=\"\" class=\"wp-image-7595\" srcset=\"https:\/\/almiaderm.cz\/wp-content\/uploads\/2020\/11\/img_0652-e1604942625697.jpg 689w, https:\/\/almiaderm.cz\/wp-content\/uploads\/2020\/11\/img_0652-e1604942625697-300x300.jpg 300w, https:\/\/almiaderm.cz\/wp-content\/uploads\/2020\/11\/img_0652-e1604942625697-150x150.jpg 150w, https:\/\/almiaderm.cz\/wp-content\/uploads\/2020\/11\/img_0652-e1604942625697-600x600.jpg 600w, https:\/\/almiaderm.cz\/wp-content\/uploads\/2020\/11\/img_0652-e1604942625697-100x100.jpg 100w\" sizes=\"(max-width: 689px) 100vw, 689px\" \/><\/figure>\n\n\n<div class=\"wp-block-uagb-advanced-heading uagb-block-95c59d86\"><h6 class=\"uagb-heading-text\">MUDr. Dana Prus\u00edkov\u00e1<\/h6><p class=\"uagb-desc-text\"><\/p><\/div>\n<\/div><\/div>\n<\/div><\/section>\n","protected":false},"excerpt":{"rendered":"","protected":false},"author":1,"featured_media":0,"parent":0,"menu_order":0,"comment_status":"closed","ping_status":"closed","template":"","meta":{"site-sidebar-layout":"default","site-content-layout":"default","ast-main-header-display":"","ast-hfb-above-header-display":"","ast-hfb-below-header-display":"","ast-hfb-mobile-header-display":"","site-post-title":"","ast-breadcrumbs-content":"","ast-featured-img":"","footer-sml-layout":"","theme-transparent-header-meta":"default","adv-header-id-meta":"","stick-header-meta":"","header-above-stick-meta":"","header-main-stick-meta":"","header-below-stick-meta":""},"featured_image_src":null,"featured_image_src_square":null,"uagb_featured_image_src":{"full":false,"thumbnail":false,"medium":false,"medium_large":false,"large":false,"1536x1536":false,"2048x2048":false,"gb-block-post-grid-landscape":false,"gb-block-post-grid-square":false},"uagb_author_info":{"display_name":"admin","author_link":"https:\/\/almiaderm.cz\/en\/author\/admin\/"},"uagb_comment_info":0,"uagb_excerpt":null,"_links":{"self":[{"href":"https:\/\/almiaderm.cz\/en\/wp-json\/wp\/v2\/pages\/7698"}],"collection":[{"href":"https:\/\/almiaderm.cz\/en\/wp-json\/wp\/v2\/pages"}],"about":[{"href":"https:\/\/almiaderm.cz\/en\/wp-json\/wp\/v2\/types\/page"}],"author":[{"embeddable":true,"href":"https:\/\/almiaderm.cz\/en\/wp-json\/wp\/v2\/users\/1"}],"replies":[{"embeddable":true,"href":"https:\/\/almiaderm.cz\/en\/wp-json\/wp\/v2\/comments?post=7698"}],"version-history":[{"count":3,"href":"https:\/\/almiaderm.cz\/en\/wp-json\/wp\/v2\/pages\/7698\/revisions"}],"predecessor-version":[{"id":7720,"href":"https:\/\/almiaderm.cz\/en\/wp-json\/wp\/v2\/pages\/7698\/revisions\/7720"}],"wp:attachment":[{"href":"https:\/\/almiaderm.cz\/en\/wp-json\/wp\/v2\/media?parent=7698"}],"curies":[{"name":"wp","href":"https:\/\/api.w.org\/{rel}","templated":true}]}}